{"id":105,"date":"2024-08-19T20:19:41","date_gmt":"2024-08-19T18:19:41","guid":{"rendered":"https:\/\/bikebrosbribol.com\/?page_id=105"},"modified":"2024-11-21T02:31:10","modified_gmt":"2024-11-21T01:31:10","slug":"plan-saludable","status":"publish","type":"page","link":"https:\/\/innovasalud.bo\/planesinnova\/plan-saludable\/","title":{"rendered":"Plan Saludable &#8211; Bs. 300"},"content":{"rendered":"\t\t<div data-elementor-type=\"wp-page\" data-elementor-id=\"105\" class=\"elementor elementor-105\" data-elementor-post-type=\"page\">\n\t\t\t\t<div class=\"elementor-element elementor-element-07d17c4 e-flex e-con-boxed e-con e-parent\" data-id=\"07d17c4\" data-element_type=\"container\">\n\t\t\t\t\t<div class=\"e-con-inner\">\n\t\t\t\t<div class=\"elementor-element elementor-element-2b7175f elementor-widget elementor-widget-heading\" data-id=\"2b7175f\" data-element_type=\"widget\" data-widget_type=\"heading.default\">\n\t\t\t\t<div class=\"elementor-widget-container\">\n\t\t\t\t\t<h2 class=\"elementor-heading-title elementor-size-default\">Plan Saludable  - Bs. 300<\/h2>\t\t\t\t<\/div>\n\t\t\t\t<\/div>\n\t\t\t\t\t<\/div>\n\t\t\t\t<\/div>\n\t\t<div class=\"elementor-element elementor-element-4cfbeb4 e-flex e-con-boxed e-con e-parent\" data-id=\"4cfbeb4\" data-element_type=\"container\">\n\t\t\t\t\t<div class=\"e-con-inner\">\n\t\t<div class=\"elementor-element elementor-element-589bff8 e-con-full e-flex e-con e-child\" data-id=\"589bff8\" data-element_type=\"container\">\n\t\t\t\t<div class=\"elementor-element elementor-element-19a7e17 elementor-widget elementor-widget-image\" data-id=\"19a7e17\" data-element_type=\"widget\" data-widget_type=\"image.default\">\n\t\t\t\t<div class=\"elementor-widget-container\">\n\t\t\t\t\t\t\t\t\t\t\t\t\t\t\t<img fetchpriority=\"high\" decoding=\"async\" width=\"540\" height=\"360\" src=\"https:\/\/innovasalud.bo\/planesinnova\/wp-content\/uploads\/2024\/11\/Innovasalud-482.webp\" class=\"attachment-large size-large wp-image-585\" alt=\"\" srcset=\"https:\/\/innovasalud.bo\/planesinnova\/wp-content\/uploads\/2024\/11\/Innovasalud-482.webp 540w, https:\/\/innovasalud.bo\/planesinnova\/wp-content\/uploads\/2024\/11\/Innovasalud-482-300x200.webp 300w\" sizes=\"(max-width: 540px) 100vw, 540px\" \/>\t\t\t\t\t\t\t\t\t\t\t\t\t\t\t<\/div>\n\t\t\t\t<\/div>\n\t\t\t\t<\/div>\n\t\t<div class=\"elementor-element elementor-element-1feec61 e-con-full e-flex e-con e-child\" data-id=\"1feec61\" data-element_type=\"container\">\n\t\t\t\t<div class=\"elementor-element elementor-element-247ca99 elementor-widget elementor-widget-heading\" data-id=\"247ca99\" data-element_type=\"widget\" data-widget_type=\"heading.default\">\n\t\t\t\t<div class=\"elementor-widget-container\">\n\t\t\t\t\t<h2 class=\"elementor-heading-title elementor-size-default\">Si buscas prevenir y cuidar de tu salud de una manera oportuna, el Plan Saludable es para ti. Este plan no solo cubre tus consultas y tratamientos de rutina, sino que tambi\u00e9n te ayuda a mantenerte protegido mediante la detecci\u00f3n oportuna de enfermedades de alto riesgo. Adem\u00e1s, incluye atenci\u00f3n en especialidades y acceso a medicamentos, todo pensado para cuidar tu salud de manera proactiva y mantenerte siempre en control.<\/h2>\t\t\t\t<\/div>\n\t\t\t\t<\/div>\n\t\t\t\t<\/div>\n\t\t\t\t\t<\/div>\n\t\t\t\t<\/div>\n\t\t<div class=\"elementor-element elementor-element-8b1ba21 e-flex e-con-boxed e-con e-parent\" data-id=\"8b1ba21\" data-element_type=\"container\">\n\t\t\t\t\t<div class=\"e-con-inner\">\n\t\t\t\t<div class=\"elementor-element elementor-element-f54875d elementor-align-justify elementor-widget__width-initial elementor-widget elementor-widget-button\" data-id=\"f54875d\" data-element_type=\"widget\" data-widget_type=\"button.default\">\n\t\t\t\t<div class=\"elementor-widget-container\">\n\t\t\t\t\t\t\t\t\t<div class=\"elementor-button-wrapper\">\n\t\t\t\t\t<a class=\"elementor-button elementor-button-link elementor-size-sm\" href=\"https:\/\/shop.innovasalud.bo\/patient\/checkout\/planes?plan=PPCE0104\">\n\t\t\t\t\t\t<span class=\"elementor-button-content-wrapper\">\n\t\t\t\t\t\t\t\t\t<span class=\"elementor-button-text\">COMPRAR<\/span>\n\t\t\t\t\t<\/span>\n\t\t\t\t\t<\/a>\n\t\t\t\t<\/div>\n\t\t\t\t\t\t\t\t<\/div>\n\t\t\t\t<\/div>\n\t\t\t\t\t<\/div>\n\t\t\t\t<\/div>\n\t\t<div class=\"elementor-element elementor-element-934f49a e-flex e-con-boxed e-con e-parent\" data-id=\"934f49a\" data-element_type=\"container\">\n\t\t\t\t\t<div class=\"e-con-inner\">\n\t\t\t\t<div class=\"elementor-element elementor-element-b62cd03 elementor-widget elementor-widget-text-editor\" data-id=\"b62cd03\" data-element_type=\"widget\" data-widget_type=\"text-editor.default\">\n\t\t\t\t<div class=\"elementor-widget-container\">\n\t\t\t\t\t\t\t\t\t<ul style=\"list-style-type: none; padding-left: 0; margin: 0; color: #4f4f4f; background-color: #e6f7ff; padding: 10px; border-radius: 8px; font-family: 'Montserrat', sans-serif; font-size: 1.2rem;\">\n<li style=\"padding-left: 0; margin-bottom: 5px;\"><strong>Cobertura Individual&nbsp;<\/strong><\/li>\n<li style=\"padding-left: 0; margin-bottom: 5px;\"><span style=\"color: #333; font-weight: normal;\">(1 Titular mayor de 18 a\u00f1os)<\/span><\/li>\n<li style=\"padding-left: 0; margin-bottom: 5px;\"><strong>1 Consulta de Valoraci\u00f3n B\u00e1sica<\/strong>&nbsp;<\/li>\n<li style=\"padding-left: 0; margin-bottom: 5px;\"><small style=\"color: #333;\">(Chequeo m\u00e9dico que mide peso, talla, az\u00facar en la sangre, ox\u00edgeno, pulso y ritmo card\u00edaco para evaluar tu salud general)<\/small><\/li>\n<li style=\"padding-left: 0; margin-bottom: 5px;\"><strong>1 Consulta del Programa de C\u00e1ncer<\/strong>&nbsp;<\/li>\n<li style=\"padding-left: 0; margin-bottom: 5px;\"><small style=\"color: #333;\">(Evaluaci\u00f3n, diagn\u00f3stico, biopsia y\/o tratamiento para Mama, C\u00e9rvico Uterino y\/o Pr\u00f3stata)<\/small><\/li>\n<li style=\"padding-left: 0; margin-bottom: 5px;\"><strong>10 Consultas M\u00e9dicas Generales<\/strong><\/li>\n<li style=\"padding-left: 0; margin-bottom: 5px;\"><strong>1 Atenci\u00f3n Oftalmolog\u00eda<\/strong>&nbsp;<\/li>\n<li style=\"padding-left: 0; margin-bottom: 5px;\"><small style=\"color: #333;\">(Medici\u00f3n de lentes \u2013 Optometrista)<\/small><\/li>\n<li style=\"padding-left: 0; margin-bottom: 5px;\"><strong>1 Atenci\u00f3n Odontolog\u00eda<\/strong>&nbsp;<\/li>\n<li style=\"padding-left: 0; margin-bottom: 5px;\"><small style=\"color: #333;\">(Curaci\u00f3n, limpieza y extracci\u00f3n)<\/small><\/li>\n<li style=\"padding-left: 0; margin-bottom: 5px;\"><strong>3 Consultas de Especialidad<\/strong>&nbsp;<\/li>\n<li style=\"padding-left: 0; margin-bottom: 5px;\"><small style=\"color: #333;\">(Reconsulta\/Coberturas complementarias)<\/small><\/li>\n<li style=\"padding-left: 0;\"><strong>200 Bs. en Medicamentos seg\u00fan Receta y Vadem\u00e9cum<\/strong>&nbsp;<\/li><li style=\"padding-left: 0;\"><small style=\"color: #333;\">(A solicitud del m\u00e9dico)<\/small><\/li>\n<\/ul>\t\t\t\t\t\t\t\t<\/div>\n\t\t\t\t<\/div>\n\t\t\t\t\t<\/div>\n\t\t\t\t<\/div>\n\t\t<div class=\"elementor-element elementor-element-0112f19 e-flex e-con-boxed e-con e-parent\" data-id=\"0112f19\" data-element_type=\"container\">\n\t\t\t\t\t<div class=\"e-con-inner\">\n\t\t\t\t<div class=\"elementor-element elementor-element-9733fb6 elementor-widget elementor-widget-text-editor\" data-id=\"9733fb6\" data-element_type=\"widget\" data-widget_type=\"text-editor.default\">\n\t\t\t\t<div class=\"elementor-widget-container\">\n\t\t\t\t\t\t\t\t\t<ul style=\"list-style-type: none; padding-left: 0; margin: 0; color: #4f4f4f; background-color: #ffe8d5; padding: 10px; border-radius: 8px; font-family: 'Montserrat', sans-serif; font-size: 1.2rem;\"><li style=\"padding-left: 0; margin-bottom: 5px;\"><strong>Vigencia:<\/strong> 365 d\u00edas desde la compra o hasta agotar los servicios incluidos en el plan<\/li><li style=\"padding-left: 0; margin-bottom: 5px;\"><strong>Sin l\u00edmite de edad, exclusiones, periodos de carencia, franquicias o copagos<\/strong><\/li><li style=\"padding-left: 0; margin-bottom: 5px;\">Para utilizar los servicios, \u00fanicamente debes dirigirte a un consultorio de la red de <strong>InnovaSalud<\/strong> y solicitar el servicio que desees.<\/li><li style=\"padding-left: 0; margin-bottom: 5px;\">Tambi\u00e9n puedes agendar tu cita previamente mediante nuestra plataforma de atenci\u00f3n:<br \/><a style=\"color: #d17d00; text-decoration: underline;\" href=\"https:\/\/shop.innovasalud.bo\/login\">https:\/\/shop.innovasalud.bo\/login<\/a><\/li><li style=\"padding-left: 0;\">Si tienes dudas o consultas, puedes comunicarte a nuestra l\u00ednea de WhatsApp:<br \/><a style=\"color: #d17d00; text-decoration: underline;\" href=\"https:\/\/wa.link\/8vj9bx\">click aqu\u00ed<\/a><\/li><\/ul>\t\t\t\t\t\t\t\t<\/div>\n\t\t\t\t<\/div>\n\t\t\t\t\t<\/div>\n\t\t\t\t<\/div>\n\t\t<div class=\"elementor-element elementor-element-3281fef7 e-flex e-con-boxed e-con e-parent\" data-id=\"3281fef7\" data-element_type=\"container\">\n\t\t\t\t\t<div class=\"e-con-inner\">\n\t\t<div class=\"elementor-element elementor-element-51c9d0da e-con-full e-flex e-con e-child\" data-id=\"51c9d0da\" data-element_type=\"container\">\n\t\t\t\t<div class=\"elementor-element elementor-element-968f06a elementor-widget elementor-widget-button\" data-id=\"968f06a\" data-element_type=\"widget\" data-widget_type=\"button.default\">\n\t\t\t\t<div class=\"elementor-widget-container\">\n\t\t\t\t\t\t\t\t\t<div class=\"elementor-button-wrapper\">\n\t\t\t\t\t<a class=\"elementor-button elementor-button-link elementor-size-sm\" href=\"https:\/\/innovasalud.bo\/planesinnova\">\n\t\t\t\t\t\t<span class=\"elementor-button-content-wrapper\">\n\t\t\t\t\t\t<span class=\"elementor-button-icon\">\n\t\t\t\t<svg aria-hidden=\"true\" class=\"e-font-icon-svg e-fas-arrow-circle-left\" viewBox=\"0 0 512 512\" xmlns=\"http:\/\/www.w3.org\/2000\/svg\"><path d=\"M256 504C119 504 8 393 8 256S119 8 256 8s248 111 248 248-111 248-248 248zm28.9-143.6L209.4 288H392c13.3 0 24-10.7 24-24v-16c0-13.3-10.7-24-24-24H209.4l75.5-72.4c9.7-9.3 9.9-24.8.4-34.3l-11-10.9c-9.4-9.4-24.6-9.4-33.9 0L107.7 239c-9.4 9.4-9.4 24.6 0 33.9l132.7 132.7c9.4 9.4 24.6 9.4 33.9 0l11-10.9c9.5-9.5 9.3-25-.4-34.3z\"><\/path><\/svg>\t\t\t<\/span>\n\t\t\t\t\t\t\t\t\t<span class=\"elementor-button-text\">REGRESAR<\/span>\n\t\t\t\t\t<\/span>\n\t\t\t\t\t<\/a>\n\t\t\t\t<\/div>\n\t\t\t\t\t\t\t\t<\/div>\n\t\t\t\t<\/div>\n\t\t\t\t<\/div>\n\t\t<div class=\"elementor-element elementor-element-e57f84b e-con-full e-flex e-con e-child\" data-id=\"e57f84b\" data-element_type=\"container\">\n\t\t\t\t<div class=\"elementor-element elementor-element-515c6481 elementor-widget elementor-widget-button\" data-id=\"515c6481\" data-element_type=\"widget\" data-widget_type=\"button.default\">\n\t\t\t\t<div class=\"elementor-widget-container\">\n\t\t\t\t\t\t\t\t\t<div class=\"elementor-button-wrapper\">\n\t\t\t\t\t<a class=\"elementor-button elementor-button-link elementor-size-sm\" href=\"https:\/\/innovasalud.bo\/planesinnova\/comparador-innova-salud\/\">\n\t\t\t\t\t\t<span class=\"elementor-button-content-wrapper\">\n\t\t\t\t\t\t<span class=\"elementor-button-icon\">\n\t\t\t\t<svg aria-hidden=\"true\" class=\"e-font-icon-svg e-fas-prescription-bottle\" viewBox=\"0 0 384 512\" xmlns=\"http:\/\/www.w3.org\/2000\/svg\"><path d=\"M32 192h120c4.4 0 8 3.6 8 8v16c0 4.4-3.6 8-8 8H32v64h120c4.4 0 8 3.6 8 8v16c0 4.4-3.6 8-8 8H32v64h120c4.4 0 8 3.6 8 8v16c0 4.4-3.6 8-8 8H32v64c0 17.6 14.4 32 32 32h256c17.6 0 32-14.4 32-32V128H32v64zM360 0H24C10.8 0 0 10.8 0 24v48c0 13.2 10.8 24 24 24h336c13.2 0 24-10.8 24-24V24c0-13.2-10.8-24-24-24z\"><\/path><\/svg>\t\t\t<\/span>\n\t\t\t\t\t\t\t\t\t<span class=\"elementor-button-text\">COMPARAR SERVICIOS<\/span>\n\t\t\t\t\t<\/span>\n\t\t\t\t\t<\/a>\n\t\t\t\t<\/div>\n\t\t\t\t\t\t\t\t<\/div>\n\t\t\t\t<\/div>\n\t\t\t\t<\/div>\n\t\t<div class=\"elementor-element elementor-element-24703ff6 e-con-full e-flex e-con e-child\" data-id=\"24703ff6\" data-element_type=\"container\">\n\t\t\t\t<\/div>\n\t\t<div class=\"elementor-element elementor-element-25e5c0eb e-con-full e-flex e-con e-child\" data-id=\"25e5c0eb\" data-element_type=\"container\">\n\t\t\t\t<\/div>\n\t\t\t\t\t<\/div>\n\t\t\t\t<\/div>\n\t\t\t\t<\/div>\n\t\t","protected":false},"excerpt":{"rendered":"<p>Plan Saludable &#8211; Bs. 300 Si buscas prevenir y cuidar de tu salud de una manera oportuna, el Plan Saludable [&hellip;]<\/p>\n","protected":false},"author":1,"featured_media":585,"parent":0,"menu_order":0,"comment_status":"closed","ping_status":"closed","template":"","meta":{"site-sidebar-layout":"no-sidebar","site-content-layout":"","ast-site-content-layout":"full-width-container","site-content-style":"default","site-sidebar-style":"default","ast-global-header-display":"","ast-banner-title-visibility":"","ast-main-header-display":"","ast-hfb-above-header-display":"","ast-hfb-below-header-display":"","ast-hfb-mobile-header-display":"","site-post-title":"disabled","ast-breadcrumbs-content":"","ast-featured-img":"disabled","footer-sml-layout":"","theme-transparent-header-meta":"default","adv-header-id-meta":"","stick-header-meta":"","header-above-stick-meta":"","header-main-stick-meta":"","header-below-stick-meta":"","astra-migrate-meta-layouts":"set","ast-page-background-enabled":"default","ast-page-background-meta":{"desktop":{"background-color":"var(--ast-global-color-4)","background-image":"","background-repeat":"repeat","background-position":"center center","background-size":"auto","background-attachment":"scroll","background-type":"","background-media":"","overlay-type":"","overlay-color":"","overlay-opacity":"","overlay-gradient":""},"tablet":{"background-color":"","background-image":"","background-repeat":"repeat","background-position":"center center","background-size":"auto","background-attachment":"scroll","background-type":"","background-media":"","overlay-type":"","overlay-color":"","overlay-opacity":"","overlay-gradient":""},"mobile":{"background-color":"","background-image":"","background-repeat":"repeat","background-position":"center center","background-size":"auto","background-attachment":"scroll","background-type":"","background-media":"","overlay-type":"","overlay-color":"","overlay-opacity":"","overlay-gradient":""}},"ast-content-background-meta":{"desktop":{"background-color":"var(--ast-global-color-5)","background-image":"","background-repeat":"repeat","background-position":"center center","background-size":"auto","background-attachment":"scroll","background-type":"","background-media":"","overlay-type":"","overlay-color":"","overlay-opacity":"","overlay-gradient":""},"tablet":{"background-color":"var(--ast-global-color-5)","background-image":"","background-repeat":"repeat","background-position":"center center","background-size":"auto","background-attachment":"scroll","background-type":"","background-media":"","overlay-type":"","overlay-color":"","overlay-opacity":"","overlay-gradient":""},"mobile":{"background-color":"var(--ast-global-color-5)","background-image":"","background-repeat":"repeat","background-position":"center center","background-size":"auto","background-attachment":"scroll","background-type":"","background-media":"","overlay-type":"","overlay-color":"","overlay-opacity":"","overlay-gradient":""}},"footnotes":""},"class_list":["post-105","page","type-page","status-publish","has-post-thumbnail","hentry"],"_links":{"self":[{"href":"https:\/\/innovasalud.bo\/planesinnova\/wp-json\/wp\/v2\/pages\/105","targetHints":{"allow":["GET"]}}],"collection":[{"href":"https:\/\/innovasalud.bo\/planesinnova\/wp-json\/wp\/v2\/pages"}],"about":[{"href":"https:\/\/innovasalud.bo\/planesinnova\/wp-json\/wp\/v2\/types\/page"}],"author":[{"embeddable":true,"href":"https:\/\/innovasalud.bo\/planesinnova\/wp-json\/wp\/v2\/users\/1"}],"replies":[{"embeddable":true,"href":"https:\/\/innovasalud.bo\/planesinnova\/wp-json\/wp\/v2\/comments?post=105"}],"version-history":[{"count":61,"href":"https:\/\/innovasalud.bo\/planesinnova\/wp-json\/wp\/v2\/pages\/105\/revisions"}],"predecessor-version":[{"id":750,"href":"https:\/\/innovasalud.bo\/planesinnova\/wp-json\/wp\/v2\/pages\/105\/revisions\/750"}],"wp:featuredmedia":[{"embeddable":true,"href":"https:\/\/innovasalud.bo\/planesinnova\/wp-json\/wp\/v2\/media\/585"}],"wp:attachment":[{"href":"https:\/\/innovasalud.bo\/planesinnova\/wp-json\/wp\/v2\/media?parent=105"}],"curies":[{"name":"wp","href":"https:\/\/api.w.org\/{rel}","templated":true}]}}