{"id":377,"date":"2024-10-17T17:48:51","date_gmt":"2024-10-17T15:48:51","guid":{"rendered":"https:\/\/bikebrosbribol.com\/?page_id=377"},"modified":"2024-11-19T20:08:56","modified_gmt":"2024-11-19T19:08:56","slug":"servicios-innovasalud-servicio-1","status":"publish","type":"page","link":"https:\/\/innovasalud.bo\/planesinnova\/servicios-innovasalud-servicio-1\/","title":{"rendered":"MicroplanSimple &#8211; Bs. 75"},"content":{"rendered":"\t\t<div data-elementor-type=\"wp-page\" data-elementor-id=\"377\" class=\"elementor elementor-377\" data-elementor-post-type=\"page\">\n\t\t\t\t<div class=\"elementor-element elementor-element-07d17c4 e-flex e-con-boxed e-con e-parent\" data-id=\"07d17c4\" data-element_type=\"container\">\n\t\t\t\t\t<div class=\"e-con-inner\">\n\t\t\t\t<div class=\"elementor-element elementor-element-2b7175f elementor-widget elementor-widget-heading\" data-id=\"2b7175f\" data-element_type=\"widget\" data-widget_type=\"heading.default\">\n\t\t\t\t<div class=\"elementor-widget-container\">\n\t\t\t\t\t<h2 class=\"elementor-heading-title elementor-size-default\">MicroplanSimple - Bs. 75<\/h2>\t\t\t\t<\/div>\n\t\t\t\t<\/div>\n\t\t\t\t\t<\/div>\n\t\t\t\t<\/div>\n\t\t<div class=\"elementor-element elementor-element-4cfbeb4 e-flex e-con-boxed e-con e-parent\" data-id=\"4cfbeb4\" data-element_type=\"container\">\n\t\t\t\t\t<div class=\"e-con-inner\">\n\t\t<div class=\"elementor-element elementor-element-589bff8 e-con-full e-flex e-con e-child\" data-id=\"589bff8\" data-element_type=\"container\">\n\t\t\t\t<div class=\"elementor-element elementor-element-19a7e17 elementor-widget elementor-widget-image\" data-id=\"19a7e17\" data-element_type=\"widget\" data-widget_type=\"image.default\">\n\t\t\t\t<div class=\"elementor-widget-container\">\n\t\t\t\t\t\t\t\t\t\t\t\t\t\t\t<img fetchpriority=\"high\" decoding=\"async\" width=\"540\" height=\"360\" src=\"https:\/\/innovasalud.bo\/planesinnova\/wp-content\/uploads\/2024\/11\/Innovasalud-594.webp\" class=\"attachment-large size-large wp-image-582\" alt=\"\" srcset=\"https:\/\/innovasalud.bo\/planesinnova\/wp-content\/uploads\/2024\/11\/Innovasalud-594.webp 540w, https:\/\/innovasalud.bo\/planesinnova\/wp-content\/uploads\/2024\/11\/Innovasalud-594-300x200.webp 300w\" sizes=\"(max-width: 540px) 100vw, 540px\" \/>\t\t\t\t\t\t\t\t\t\t\t\t\t\t\t<\/div>\n\t\t\t\t<\/div>\n\t\t\t\t<\/div>\n\t\t<div class=\"elementor-element elementor-element-1feec61 e-con-full e-grid e-con e-child\" data-id=\"1feec61\" data-element_type=\"container\">\n\t\t\t\t<div class=\"elementor-element elementor-element-247ca99 elementor-widget elementor-widget-heading\" data-id=\"247ca99\" data-element_type=\"widget\" data-widget_type=\"heading.default\">\n\t\t\t\t<div class=\"elementor-widget-container\">\n\t\t\t\t\t<h2 class=\"elementor-heading-title elementor-size-default\">Atenci\u00f3n \n+ \nReconsulta \u00f3 Atenci\u00f3n \n+ \nEspecialidad* \n+ \nReconsulta<\/h2>\t\t\t\t<\/div>\n\t\t\t\t<\/div>\n\t\t\t\t<div class=\"elementor-element elementor-element-3bf967c elementor-align-justify elementor-widget elementor-widget-button\" data-id=\"3bf967c\" data-element_type=\"widget\" data-widget_type=\"button.default\">\n\t\t\t\t<div class=\"elementor-widget-container\">\n\t\t\t\t\t\t\t\t\t<div class=\"elementor-button-wrapper\">\n\t\t\t\t\t<a class=\"elementor-button elementor-button-link elementor-size-sm\" href=\"#\">\n\t\t\t\t\t\t<span class=\"elementor-button-content-wrapper\">\n\t\t\t\t\t\t\t\t\t<span class=\"elementor-button-text\">COMPRAR<\/span>\n\t\t\t\t\t<\/span>\n\t\t\t\t\t<\/a>\n\t\t\t\t<\/div>\n\t\t\t\t\t\t\t\t<\/div>\n\t\t\t\t<\/div>\n\t\t\t\t<\/div>\n\t\t\t\t\t<\/div>\n\t\t\t\t<\/div>\n\t\t<div class=\"elementor-element elementor-element-934f49a e-flex e-con-boxed e-con e-parent\" data-id=\"934f49a\" data-element_type=\"container\">\n\t\t\t\t\t<div class=\"e-con-inner\">\n\t\t\t\t<div class=\"elementor-element elementor-element-428f57c elementor-widget elementor-widget-heading\" data-id=\"428f57c\" data-element_type=\"widget\" data-widget_type=\"heading.default\">\n\t\t\t\t<div class=\"elementor-widget-container\">\n\t\t\t\t\t<h5 class=\"elementor-heading-title elementor-size-default\">*Las consultas de especialidad y el tipo de especialidad est\u00e1n sujetas a evaluaci\u00f3n y derivaci\u00f3n del m\u00e9dico tratante en la primera consulta.<\/h5>\t\t\t\t<\/div>\n\t\t\t\t<\/div>\n\t\t\t\t\t<\/div>\n\t\t\t\t<\/div>\n\t\t<div class=\"elementor-element elementor-element-85cedf7 e-flex e-con-boxed e-con e-parent\" data-id=\"85cedf7\" data-element_type=\"container\">\n\t\t\t\t\t<div class=\"e-con-inner\">\n\t\t<div class=\"elementor-element elementor-element-f9f41ea e-con-full e-flex e-con e-child\" data-id=\"f9f41ea\" data-element_type=\"container\">\n\t\t\t\t<div class=\"elementor-element elementor-element-21aa617 elementor-widget elementor-widget-button\" data-id=\"21aa617\" data-element_type=\"widget\" data-widget_type=\"button.default\">\n\t\t\t\t<div class=\"elementor-widget-container\">\n\t\t\t\t\t\t\t\t\t<div class=\"elementor-button-wrapper\">\n\t\t\t\t\t<a class=\"elementor-button elementor-button-link elementor-size-sm\" href=\"https:\/\/innovasalud.bo\/planesinnova\">\n\t\t\t\t\t\t<span class=\"elementor-button-content-wrapper\">\n\t\t\t\t\t\t<span class=\"elementor-button-icon\">\n\t\t\t\t<svg aria-hidden=\"true\" class=\"e-font-icon-svg e-fas-arrow-circle-left\" viewBox=\"0 0 512 512\" xmlns=\"http:\/\/www.w3.org\/2000\/svg\"><path d=\"M256 504C119 504 8 393 8 256S119 8 256 8s248 111 248 248-111 248-248 248zm28.9-143.6L209.4 288H392c13.3 0 24-10.7 24-24v-16c0-13.3-10.7-24-24-24H209.4l75.5-72.4c9.7-9.3 9.9-24.8.4-34.3l-11-10.9c-9.4-9.4-24.6-9.4-33.9 0L107.7 239c-9.4 9.4-9.4 24.6 0 33.9l132.7 132.7c9.4 9.4 24.6 9.4 33.9 0l11-10.9c9.5-9.5 9.3-25-.4-34.3z\"><\/path><\/svg>\t\t\t<\/span>\n\t\t\t\t\t\t\t\t\t<span class=\"elementor-button-text\">REGRESAR<\/span>\n\t\t\t\t\t<\/span>\n\t\t\t\t\t<\/a>\n\t\t\t\t<\/div>\n\t\t\t\t\t\t\t\t<\/div>\n\t\t\t\t<\/div>\n\t\t\t\t<\/div>\n\t\t<div class=\"elementor-element elementor-element-1903f6c e-con-full e-flex e-con e-child\" data-id=\"1903f6c\" data-element_type=\"container\">\n\t\t\t\t<div class=\"elementor-element elementor-element-21a63c3 elementor-widget elementor-widget-button\" data-id=\"21a63c3\" data-element_type=\"widget\" data-widget_type=\"button.default\">\n\t\t\t\t<div class=\"elementor-widget-container\">\n\t\t\t\t\t\t\t\t\t<div class=\"elementor-button-wrapper\">\n\t\t\t\t\t<a class=\"elementor-button elementor-button-link elementor-size-sm\" href=\"https:\/\/innovasalud.bo\/planesinnova\/comparador-innova-salud\/\">\n\t\t\t\t\t\t<span class=\"elementor-button-content-wrapper\">\n\t\t\t\t\t\t<span class=\"elementor-button-icon\">\n\t\t\t\t<svg aria-hidden=\"true\" class=\"e-font-icon-svg e-fas-prescription-bottle\" viewBox=\"0 0 384 512\" xmlns=\"http:\/\/www.w3.org\/2000\/svg\"><path d=\"M32 192h120c4.4 0 8 3.6 8 8v16c0 4.4-3.6 8-8 8H32v64h120c4.4 0 8 3.6 8 8v16c0 4.4-3.6 8-8 8H32v64h120c4.4 0 8 3.6 8 8v16c0 4.4-3.6 8-8 8H32v64c0 17.6 14.4 32 32 32h256c17.6 0 32-14.4 32-32V128H32v64zM360 0H24C10.8 0 0 10.8 0 24v48c0 13.2 10.8 24 24 24h336c13.2 0 24-10.8 24-24V24c0-13.2-10.8-24-24-24z\"><\/path><\/svg>\t\t\t<\/span>\n\t\t\t\t\t\t\t\t\t<span class=\"elementor-button-text\">COMPARAR SERVICIOS<\/span>\n\t\t\t\t\t<\/span>\n\t\t\t\t\t<\/a>\n\t\t\t\t<\/div>\n\t\t\t\t\t\t\t\t<\/div>\n\t\t\t\t<\/div>\n\t\t\t\t<\/div>\n\t\t<div class=\"elementor-element elementor-element-2e06db9 e-con-full e-flex e-con e-child\" data-id=\"2e06db9\" data-element_type=\"container\">\n\t\t\t\t<\/div>\n\t\t<div class=\"elementor-element elementor-element-69db90b e-con-full e-flex e-con e-child\" data-id=\"69db90b\" data-element_type=\"container\">\n\t\t\t\t<\/div>\n\t\t\t\t\t<\/div>\n\t\t\t\t<\/div>\n\t\t\t\t<\/div>\n\t\t","protected":false},"excerpt":{"rendered":"<p>MicroplanSimple &#8211; Bs. 75 Atenci\u00f3n + Reconsulta \u00f3 Atenci\u00f3n + Especialidad* + Reconsulta COMPRAR *Las consultas de especialidad y el [&hellip;]<\/p>\n","protected":false},"author":1,"featured_media":582,"parent":0,"menu_order":0,"comment_status":"closed","ping_status":"closed","template":"","meta":{"site-sidebar-layout":"no-sidebar","site-content-layout":"","ast-site-content-layout":"full-width-container","site-content-style":"default","site-sidebar-style":"default","ast-global-header-display":"","ast-banner-title-visibility":"","ast-main-header-display":"","ast-hfb-above-header-display":"","ast-hfb-below-header-display":"","ast-hfb-mobile-header-display":"","site-post-title":"disabled","ast-breadcrumbs-content":"","ast-featured-img":"disabled","footer-sml-layout":"","theme-transparent-header-meta":"default","adv-header-id-meta":"","stick-header-meta":"","header-above-stick-meta":"","header-main-stick-meta":"","header-below-stick-meta":"","astra-migrate-meta-layouts":"set","ast-page-background-enabled":"default","ast-page-background-meta":{"desktop":{"background-color":"var(--ast-global-color-4)","background-image":"","background-repeat":"repeat","background-position":"center center","background-size":"auto","background-attachment":"scroll","background-type":"","background-media":"","overlay-type":"","overlay-color":"","overlay-opacity":"","overlay-gradient":""},"tablet":{"background-color":"","background-image":"","background-repeat":"repeat","background-position":"center center","background-size":"auto","background-attachment":"scroll","background-type":"","background-media":"","overlay-type":"","overlay-color":"","overlay-opacity":"","overlay-gradient":""},"mobile":{"background-color":"","background-image":"","background-repeat":"repeat","background-position":"center center","background-size":"auto","background-attachment":"scroll","background-type":"","background-media":"","overlay-type":"","overlay-color":"","overlay-opacity":"","overlay-gradient":""}},"ast-content-background-meta":{"desktop":{"background-color":"var(--ast-global-color-5)","background-image":"","background-repeat":"repeat","background-position":"center center","background-size":"auto","background-attachment":"scroll","background-type":"","background-media":"","overlay-type":"","overlay-color":"","overlay-opacity":"","overlay-gradient":""},"tablet":{"background-color":"var(--ast-global-color-5)","background-image":"","background-repeat":"repeat","background-position":"center center","background-size":"auto","background-attachment":"scroll","background-type":"","background-media":"","overlay-type":"","overlay-color":"","overlay-opacity":"","overlay-gradient":""},"mobile":{"background-color":"var(--ast-global-color-5)","background-image":"","background-repeat":"repeat","background-position":"center center","background-size":"auto","background-attachment":"scroll","background-type":"","background-media":"","overlay-type":"","overlay-color":"","overlay-opacity":"","overlay-gradient":""}},"footnotes":""},"class_list":["post-377","page","type-page","status-publish","has-post-thumbnail","hentry"],"_links":{"self":[{"href":"https:\/\/innovasalud.bo\/planesinnova\/wp-json\/wp\/v2\/pages\/377","targetHints":{"allow":["GET"]}}],"collection":[{"href":"https:\/\/innovasalud.bo\/planesinnova\/wp-json\/wp\/v2\/pages"}],"about":[{"href":"https:\/\/innovasalud.bo\/planesinnova\/wp-json\/wp\/v2\/types\/page"}],"author":[{"embeddable":true,"href":"https:\/\/innovasalud.bo\/planesinnova\/wp-json\/wp\/v2\/users\/1"}],"replies":[{"embeddable":true,"href":"https:\/\/innovasalud.bo\/planesinnova\/wp-json\/wp\/v2\/comments?post=377"}],"version-history":[{"count":12,"href":"https:\/\/innovasalud.bo\/planesinnova\/wp-json\/wp\/v2\/pages\/377\/revisions"}],"predecessor-version":[{"id":648,"href":"https:\/\/innovasalud.bo\/planesinnova\/wp-json\/wp\/v2\/pages\/377\/revisions\/648"}],"wp:featuredmedia":[{"embeddable":true,"href":"https:\/\/innovasalud.bo\/planesinnova\/wp-json\/wp\/v2\/media\/582"}],"wp:attachment":[{"href":"https:\/\/innovasalud.bo\/planesinnova\/wp-json\/wp\/v2\/media?parent=377"}],"curies":[{"name":"wp","href":"https:\/\/api.w.org\/{rel}","templated":true}]}}